{"id":297,"date":"2023-10-29T16:05:42","date_gmt":"2023-10-29T16:05:42","guid":{"rendered":"https:\/\/derosemethodcascais.com\/?page_id=297"},"modified":"2025-03-02T21:02:44","modified_gmt":"2025-03-02T21:02:44","slug":"newsletter","status":"publish","type":"page","link":"https:\/\/derosemethodcascais.com\/en\/newsletter\/","title":{"rendered":"Newsletter"},"content":{"rendered":"<div data-elementor-type=\"wp-page\" data-elementor-id=\"297\" class=\"elementor elementor-297\">\n\t\t\t\t<div class=\"elementor-element elementor-element-736745e e-flex e-con-boxed e-con e-parent\" data-id=\"736745e\" data-element_type=\"container\" data-e-type=\"container\">\n\t\t\t\t\t<div class=\"e-con-inner\">\n\t\t<div class=\"elementor-element elementor-element-eb1e163 e-flex e-con-boxed e-con e-child\" data-id=\"eb1e163\" data-element_type=\"container\" data-e-type=\"container\">\n\t\t\t\t\t<div class=\"e-con-inner\">\n\t\t\t\t<div class=\"elementor-element elementor-element-cfac5ff elementor-widget elementor-widget-html\" data-id=\"cfac5ff\" data-element_type=\"widget\" data-e-type=\"widget\" data-widget_type=\"html.default\">\n\t\t\t\t<div class=\"elementor-widget-container\">\n\t\t\t\t\t\n<div style=\"position: relative; width: 100%; height: 0; padding-top: 141.4358%; padding-bottom: 0; box-shadow: 0 2px 8px 0 rgba(63,69,81,0.16); margin-top: 1.6em; margin-bottom: 0.9em; overflow: hidden; border-radius: 8px; will-change: transform;\"><iframe style=\"position: absolute; width: 100%; height: 100%; top: 0; left: 0; border: none; padding: 0; margin: 0;\" src=\"https:\/\/www.canva.com\/design\/DAFu5muV_fA\/view?embed\" allowfullscreen=\"allowfullscreen\">\n  <\/iframe><\/div>\n\t\t\t\t<\/div>\n\t\t\t\t<\/div>\n\t\t\t\t\t<\/div>\n\t\t\t\t<\/div>\n\t\t\t\t\t<\/div>\n\t\t\t\t<\/div>\n\t\t\t\t<\/div>","protected":false},"excerpt":{"rendered":"","protected":false},"author":1,"featured_media":0,"parent":0,"menu_order":0,"comment_status":"closed","ping_status":"closed","template":"","meta":{"site-sidebar-layout":"default","site-content-layout":"","ast-site-content-layout":"default","site-content-style":"default","site-sidebar-style":"default","ast-global-header-display":"","ast-banner-title-visibility":"","ast-main-header-display":"","ast-hfb-above-header-display":"","ast-hfb-below-header-display":"","ast-hfb-mobile-header-display":"","site-post-title":"","ast-breadcrumbs-content":"","ast-featured-img":"","footer-sml-layout":"","ast-disable-related-posts":"","theme-transparent-header-meta":"","adv-header-id-meta":"","stick-header-meta":"","header-above-stick-meta":"","header-main-stick-meta":"","header-below-stick-meta":"","astra-migrate-meta-layouts":"default","ast-page-background-enabled":"default","ast-page-background-meta":{"desktop":{"background-color":"var(--ast-global-color-4)","background-image":"","background-repeat":"repeat","background-position":"center center","background-size":"auto","background-attachment":"scroll","background-type":"","background-media":"","overlay-type":"","overlay-color":"","overlay-opacity":"","overlay-gradient":""},"tablet":{"background-color":"","background-image":"","background-repeat":"repeat","background-position":"center center","background-size":"auto","background-attachment":"scroll","background-type":"","background-media":"","overlay-type":"","overlay-color":"","overlay-opacity":"","overlay-gradient":""},"mobile":{"background-color":"","background-image":"","background-repeat":"repeat","background-position":"center center","background-size":"auto","background-attachment":"scroll","background-type":"","background-media":"","overlay-type":"","overlay-color":"","overlay-opacity":"","overlay-gradient":""}},"ast-content-background-meta":{"desktop":{"background-color":"var(--ast-global-color-5)","background-image":"","background-repeat":"repeat","background-position":"center center","background-size":"auto","background-attachment":"scroll","background-type":"","background-media":"","overlay-type":"","overlay-color":"","overlay-opacity":"","overlay-gradient":""},"tablet":{"background-color":"var(--ast-global-color-5)","background-image":"","background-repeat":"repeat","background-position":"center center","background-size":"auto","background-attachment":"scroll","background-type":"","background-media":"","overlay-type":"","overlay-color":"","overlay-opacity":"","overlay-gradient":""},"mobile":{"background-color":"var(--ast-global-color-5)","background-image":"","background-repeat":"repeat","background-position":"center center","background-size":"auto","background-attachment":"scroll","background-type":"","background-media":"","overlay-type":"","overlay-color":"","overlay-opacity":"","overlay-gradient":""}},"footnotes":""},"class_list":["post-297","page","type-page","status-publish","hentry"],"yoast_head":"<!-- This site is optimized with the Yoast SEO plugin v27.5 - https:\/\/yoast.com\/product\/yoast-seo-wordpress\/ -->\n<title>Newsletter - DeROSE Method Cascais<\/title>\n<meta name=\"description\" content=\"DeROSE Method Cascais - Newsletter - Aceda aqui a todas as informa\u00e7\u00f5es e novidades da nossa Escola para este m\u00eas\" \/>\n<meta name=\"robots\" content=\"index, follow, max-snippet:-1, max-image-preview:large, max-video-preview:-1\" \/>\n<link rel=\"canonical\" href=\"https:\/\/derosemethodcascais.com\/en\/newsletter\/\" \/>\n<meta property=\"og:locale\" content=\"en_GB\" \/>\n<meta property=\"og:type\" content=\"article\" \/>\n<meta property=\"og:title\" content=\"Newsletter - DeROSE Method Cascais\" \/>\n<meta property=\"og:description\" content=\"DeROSE Method Cascais - Newsletter - Aceda aqui a todas as informa\u00e7\u00f5es e novidades da nossa Escola para este m\u00eas\" \/>\n<meta property=\"og:url\" content=\"https:\/\/derosemethodcascais.com\/en\/newsletter\/\" \/>\n<meta property=\"og:site_name\" content=\"DeROSE Method Cascais\" \/>\n<meta property=\"article:publisher\" content=\"https:\/\/www.facebook.com\/DeRose.Method.Cascais\" \/>\n<meta property=\"article:modified_time\" content=\"2025-03-02T21:02:44+00:00\" \/>\n<meta name=\"twitter:card\" content=\"summary_large_image\" \/>\n<script type=\"application\/ld+json\" class=\"yoast-schema-graph\">{\"@context\":\"https:\\\/\\\/schema.org\",\"@graph\":[{\"@type\":\"WebPage\",\"@id\":\"https:\\\/\\\/derosemethodcascais.com\\\/en\\\/newsletter\\\/\",\"url\":\"https:\\\/\\\/derosemethodcascais.com\\\/en\\\/newsletter\\\/\",\"name\":\"Newsletter - DeROSE Method Cascais\",\"isPartOf\":{\"@id\":\"https:\\\/\\\/derosemethodcascais.com\\\/#website\"},\"datePublished\":\"2023-10-29T16:05:42+00:00\",\"dateModified\":\"2025-03-02T21:02:44+00:00\",\"description\":\"DeROSE Method Cascais - Newsletter - Aceda aqui a todas as informa\u00e7\u00f5es e novidades da nossa Escola para este m\u00eas\",\"breadcrumb\":{\"@id\":\"https:\\\/\\\/derosemethodcascais.com\\\/en\\\/newsletter\\\/#breadcrumb\"},\"inLanguage\":\"en-GB\",\"potentialAction\":[{\"@type\":\"ReadAction\",\"target\":[\"https:\\\/\\\/derosemethodcascais.com\\\/en\\\/newsletter\\\/\"]}]},{\"@type\":\"BreadcrumbList\",\"@id\":\"https:\\\/\\\/derosemethodcascais.com\\\/en\\\/newsletter\\\/#breadcrumb\",\"itemListElement\":[{\"@type\":\"ListItem\",\"position\":1,\"name\":\"In\u00edcio\",\"item\":\"https:\\\/\\\/derosemethodcascais.com\\\/\"},{\"@type\":\"ListItem\",\"position\":2,\"name\":\"Newsletter\"}]},{\"@type\":\"WebSite\",\"@id\":\"https:\\\/\\\/derosemethodcascais.com\\\/#website\",\"url\":\"https:\\\/\\\/derosemethodcascais.com\\\/\",\"name\":\"DeROSE Method Cascais\",\"description\":\"\",\"publisher\":{\"@id\":\"https:\\\/\\\/derosemethodcascais.com\\\/#organization\"},\"potentialAction\":[{\"@type\":\"SearchAction\",\"target\":{\"@type\":\"EntryPoint\",\"urlTemplate\":\"https:\\\/\\\/derosemethodcascais.com\\\/?s={search_term_string}\"},\"query-input\":{\"@type\":\"PropertyValueSpecification\",\"valueRequired\":true,\"valueName\":\"search_term_string\"}}],\"inLanguage\":\"en-GB\"},{\"@type\":\"Organization\",\"@id\":\"https:\\\/\\\/derosemethodcascais.com\\\/#organization\",\"name\":\"DeROSE Method Cascais\",\"url\":\"https:\\\/\\\/derosemethodcascais.com\\\/\",\"logo\":{\"@type\":\"ImageObject\",\"inLanguage\":\"en-GB\",\"@id\":\"https:\\\/\\\/derosemethodcascais.com\\\/#\\\/schema\\\/logo\\\/image\\\/\",\"url\":\"https:\\\/\\\/derosemethodcascais.com\\\/wp-content\\\/uploads\\\/2023\\\/10\\\/black.png\",\"contentUrl\":\"https:\\\/\\\/derosemethodcascais.com\\\/wp-content\\\/uploads\\\/2023\\\/10\\\/black.png\",\"width\":791,\"height\":609,\"caption\":\"DeROSE Method Cascais\"},\"image\":{\"@id\":\"https:\\\/\\\/derosemethodcascais.com\\\/#\\\/schema\\\/logo\\\/image\\\/\"},\"sameAs\":[\"https:\\\/\\\/www.facebook.com\\\/DeRose.Method.Cascais\",\"https:\\\/\\\/www.instagram.com\\\/derose.method.cascais\\\/\"]}]}<\/script>\n<!-- \/ Yoast SEO plugin. -->","yoast_head_json":{"title":"Newsletter - DeROSE Method Cascais","description":"DeROSE Method Cascais - Newsletter - Aceda aqui a todas as informa\u00e7\u00f5es e novidades da nossa Escola para este m\u00eas","robots":{"index":"index","follow":"follow","max-snippet":"max-snippet:-1","max-image-preview":"max-image-preview:large","max-video-preview":"max-video-preview:-1"},"canonical":"https:\/\/derosemethodcascais.com\/en\/newsletter\/","og_locale":"en_GB","og_type":"article","og_title":"Newsletter - DeROSE Method Cascais","og_description":"DeROSE Method Cascais - Newsletter - Aceda aqui a todas as informa\u00e7\u00f5es e novidades da nossa Escola para este m\u00eas","og_url":"https:\/\/derosemethodcascais.com\/en\/newsletter\/","og_site_name":"DeROSE Method Cascais","article_publisher":"https:\/\/www.facebook.com\/DeRose.Method.Cascais","article_modified_time":"2025-03-02T21:02:44+00:00","twitter_card":"summary_large_image","schema":{"@context":"https:\/\/schema.org","@graph":[{"@type":"WebPage","@id":"https:\/\/derosemethodcascais.com\/en\/newsletter\/","url":"https:\/\/derosemethodcascais.com\/en\/newsletter\/","name":"Newsletter - DeROSE Method Cascais","isPartOf":{"@id":"https:\/\/derosemethodcascais.com\/#website"},"datePublished":"2023-10-29T16:05:42+00:00","dateModified":"2025-03-02T21:02:44+00:00","description":"DeROSE Method Cascais - Newsletter - Aceda aqui a todas as informa\u00e7\u00f5es e novidades da nossa Escola para este m\u00eas","breadcrumb":{"@id":"https:\/\/derosemethodcascais.com\/en\/newsletter\/#breadcrumb"},"inLanguage":"en-GB","potentialAction":[{"@type":"ReadAction","target":["https:\/\/derosemethodcascais.com\/en\/newsletter\/"]}]},{"@type":"BreadcrumbList","@id":"https:\/\/derosemethodcascais.com\/en\/newsletter\/#breadcrumb","itemListElement":[{"@type":"ListItem","position":1,"name":"In\u00edcio","item":"https:\/\/derosemethodcascais.com\/"},{"@type":"ListItem","position":2,"name":"Newsletter"}]},{"@type":"WebSite","@id":"https:\/\/derosemethodcascais.com\/#website","url":"https:\/\/derosemethodcascais.com\/","name":"DeROSE Method-Cascais","description":"","publisher":{"@id":"https:\/\/derosemethodcascais.com\/#organization"},"potentialAction":[{"@type":"SearchAction","target":{"@type":"EntryPoint","urlTemplate":"https:\/\/derosemethodcascais.com\/?s={search_term_string}"},"query-input":{"@type":"PropertyValueSpecification","valueRequired":true,"valueName":"search_term_string"}}],"inLanguage":"en-GB"},{"@type":"Organization","@id":"https:\/\/derosemethodcascais.com\/#organization","name":"DeROSE Method-Cascais","url":"https:\/\/derosemethodcascais.com\/","logo":{"@type":"ImageObject","inLanguage":"en-GB","@id":"https:\/\/derosemethodcascais.com\/#\/schema\/logo\/image\/","url":"https:\/\/derosemethodcascais.com\/wp-content\/uploads\/2023\/10\/black.png","contentUrl":"https:\/\/derosemethodcascais.com\/wp-content\/uploads\/2023\/10\/black.png","width":791,"height":609,"caption":"DeROSE Method Cascais"},"image":{"@id":"https:\/\/derosemethodcascais.com\/#\/schema\/logo\/image\/"},"sameAs":["https:\/\/www.facebook.com\/DeRose.Method.Cascais","https:\/\/www.instagram.com\/derose.method.cascais\/"]}]}},"_links":{"self":[{"href":"https:\/\/derosemethodcascais.com\/en\/wp-json\/wp\/v2\/pages\/297","targetHints":{"allow":["GET"]}}],"collection":[{"href":"https:\/\/derosemethodcascais.com\/en\/wp-json\/wp\/v2\/pages"}],"about":[{"href":"https:\/\/derosemethodcascais.com\/en\/wp-json\/wp\/v2\/types\/page"}],"author":[{"embeddable":true,"href":"https:\/\/derosemethodcascais.com\/en\/wp-json\/wp\/v2\/users\/1"}],"replies":[{"embeddable":true,"href":"https:\/\/derosemethodcascais.com\/en\/wp-json\/wp\/v2\/comments?post=297"}],"version-history":[{"count":42,"href":"https:\/\/derosemethodcascais.com\/en\/wp-json\/wp\/v2\/pages\/297\/revisions"}],"predecessor-version":[{"id":765,"href":"https:\/\/derosemethodcascais.com\/en\/wp-json\/wp\/v2\/pages\/297\/revisions\/765"}],"wp:attachment":[{"href":"https:\/\/derosemethodcascais.com\/en\/wp-json\/wp\/v2\/media?parent=297"}],"curies":[{"name":"wp","href":"https:\/\/api.w.org\/{rel}","templated":true}]}}